{"id":19,"date":"2021-09-12T20:28:49","date_gmt":"2021-09-12T18:28:49","guid":{"rendered":"https:\/\/dev.saywauwau.de\/?page_id=19"},"modified":"2025-12-20T16:58:30","modified_gmt":"2025-12-20T15:58:30","slug":"impressum","status":"publish","type":"page","link":"https:\/\/www.saywauwau.com\/da\/impressum\/","title":{"rendered":"P\u00e5tryk"},"content":{"rendered":"<h1 class=\"wp-block-heading\">P\u00e5tryk<\/h1>\n\n\n\n<p>Sibyll Hainke<br>say wau wau<br>Botofte Strandvej 8<br>5953 Tranek\u00e6r<\/p>\n\n\n\n<h2 class=\"wp-block-heading\">Kontakt<\/h2>\n\n\n\n<p>Telefon: +4529459391<br>E-mail: info@saywauwau.com<\/p>\n\n\n\n<h2 class=\"wp-block-heading\">CVR-Nr.<\/h2>\n\n\n\n<p class=\"translation-block\">43977989<\/p>\n\n\n\n<h2 class=\"wp-block-heading\">Center for l\u00f8sning af forbrugertvister\/universel voldgift<\/h2>\n\n\n\n<p>Vi er ikke villige eller forpligtede til at deltage i tvistbil\u00e6ggelsesprocedurer ved et forbrugervoldgiftsn\u00e6vn.<\/p>","protected":false},"excerpt":{"rendered":"<p>Impressum Sibyll Hainkesay wau wauBotofte Strandvej 85953 Tranek\u00e6r Kontakt Telefon: +4529459391E-mail: info@saywauwau.com Momsnummer Momsnummer i henhold til momslovens \u00a7 27 a:DK43977989 Forbrugertvistl\u00f8sning\/Universelt voldgiftsn\u00e6vn Vi er ikke villige eller forpligtede til at deltage i tvistl\u00f8sningssager ved et forbrugervoldgiftsn\u00e6vn.<\/p>","protected":false},"author":1,"featured_media":0,"parent":0,"menu_order":0,"comment_status":"closed","ping_status":"closed","template":"fullwidth.php","meta":{"footnotes":""},"class_list":["post-19","page","type-page","status-publish","hentry"],"yoast_head":"<!-- This site is optimized with the Yoast SEO plugin v27.3 - https:\/\/yoast.com\/product\/yoast-seo-wordpress\/ -->\n<title>Impressum - say wau wau<\/title>\n<meta name=\"robots\" content=\"index, follow, max-snippet:-1, max-image-preview:large, max-video-preview:-1\" \/>\n<link rel=\"canonical\" href=\"https:\/\/www.saywauwau.com\/da\/impressum\/\" \/>\n<meta property=\"og:locale\" content=\"da_DK\" \/>\n<meta property=\"og:type\" content=\"article\" \/>\n<meta property=\"og:title\" content=\"Impressum - say wau wau\" \/>\n<meta property=\"og:description\" content=\"Impressum Sibyll Hainkesay wau wauBotofte Strandvej 85953 Tranek\u00e6r Kontakt Telefon: +4529459391E-Mail: info@saywauwau.com Umsatzsteuer-ID Umsatzsteuer-Identifikationsnummer gem\u00e4\u00df \u00a7 27 a Umsatzsteuergesetz:DK43977989 Verbraucher\u00adstreit\u00adbeilegung\/Universal\u00adschlichtungs\u00adstelle Wir sind nicht bereit oder verpflichtet, an Streitbeilegungsverfahren vor einer Verbraucherschlichtungsstelle teilzunehmen.\" \/>\n<meta property=\"og:url\" content=\"https:\/\/www.saywauwau.com\/da\/impressum\/\" \/>\n<meta property=\"og:site_name\" content=\"say wau wau\" \/>\n<meta property=\"article:modified_time\" content=\"2025-12-20T15:58:30+00:00\" \/>\n<meta name=\"twitter:card\" content=\"summary_large_image\" \/>\n<meta name=\"twitter:label1\" content=\"Estimeret l\u00e6setid\" \/>\n\t<meta name=\"twitter:data1\" content=\"1 minut\" \/>\n<script type=\"application\/ld+json\" class=\"yoast-schema-graph\">{\"@context\":\"https:\\\/\\\/schema.org\",\"@graph\":[{\"@type\":\"WebPage\",\"@id\":\"https:\\\/\\\/www.saywauwau.com\\\/impressum\\\/\",\"url\":\"https:\\\/\\\/www.saywauwau.com\\\/impressum\\\/\",\"name\":\"Impressum - say wau wau\",\"isPartOf\":{\"@id\":\"https:\\\/\\\/www.saywauwau.com\\\/#website\"},\"datePublished\":\"2021-09-12T18:28:49+00:00\",\"dateModified\":\"2025-12-20T15:58:30+00:00\",\"breadcrumb\":{\"@id\":\"https:\\\/\\\/www.saywauwau.com\\\/impressum\\\/#breadcrumb\"},\"inLanguage\":\"da-DK\",\"potentialAction\":[{\"@type\":\"ReadAction\",\"target\":[\"https:\\\/\\\/www.saywauwau.com\\\/impressum\\\/\"]}]},{\"@type\":\"BreadcrumbList\",\"@id\":\"https:\\\/\\\/www.saywauwau.com\\\/impressum\\\/#breadcrumb\",\"itemListElement\":[{\"@type\":\"ListItem\",\"position\":1,\"name\":\"Home\",\"item\":\"https:\\\/\\\/www.saywauwau.com\\\/\"},{\"@type\":\"ListItem\",\"position\":2,\"name\":\"Impressum\"}]},{\"@type\":\"WebSite\",\"@id\":\"https:\\\/\\\/www.saywauwau.com\\\/#website\",\"url\":\"https:\\\/\\\/www.saywauwau.com\\\/\",\"name\":\"say wau wau\",\"description\":\"\u201eHunde sind unsere Helden\u201c &amp; begeistern uns jeden Tag aufs Neue! Deshalb gibts au\u00dfergew\u00f6hnliche Produkte, die mit Qualit\u00e4t &amp; Nachhaltigkeit gl\u00e4nzen!\",\"publisher\":{\"@id\":\"https:\\\/\\\/www.saywauwau.com\\\/#organization\"},\"potentialAction\":[{\"@type\":\"SearchAction\",\"target\":{\"@type\":\"EntryPoint\",\"urlTemplate\":\"https:\\\/\\\/www.saywauwau.com\\\/?s={search_term_string}\"},\"query-input\":{\"@type\":\"PropertyValueSpecification\",\"valueRequired\":true,\"valueName\":\"search_term_string\"}}],\"inLanguage\":\"da-DK\"},{\"@type\":\"Organization\",\"@id\":\"https:\\\/\\\/www.saywauwau.com\\\/#organization\",\"name\":\"say wau wau\",\"url\":\"https:\\\/\\\/www.saywauwau.com\\\/\",\"logo\":{\"@type\":\"ImageObject\",\"inLanguage\":\"da-DK\",\"@id\":\"https:\\\/\\\/www.saywauwau.com\\\/#\\\/schema\\\/logo\\\/image\\\/\",\"url\":\"https:\\\/\\\/www.saywauwau.com\\\/wp-content\\\/uploads\\\/2021\\\/05\\\/Logo_www.png\",\"contentUrl\":\"https:\\\/\\\/www.saywauwau.com\\\/wp-content\\\/uploads\\\/2021\\\/05\\\/Logo_www.png\",\"width\":370,\"height\":40,\"caption\":\"say wau wau\"},\"image\":{\"@id\":\"https:\\\/\\\/www.saywauwau.com\\\/#\\\/schema\\\/logo\\\/image\\\/\"}}]}<\/script>\n<!-- \/ Yoast SEO plugin. -->","yoast_head_json":{"title":"Impressum - say wau wau","robots":{"index":"index","follow":"follow","max-snippet":"max-snippet:-1","max-image-preview":"max-image-preview:large","max-video-preview":"max-video-preview:-1"},"canonical":"https:\/\/www.saywauwau.com\/da\/impressum\/","og_locale":"da_DK","og_type":"article","og_title":"Impressum - say wau wau","og_description":"Impressum Sibyll Hainkesay wau wauBotofte Strandvej 85953 Tranek\u00e6r Kontakt Telefon: +4529459391E-Mail: info@saywauwau.com Umsatzsteuer-ID Umsatzsteuer-Identifikationsnummer gem\u00e4\u00df \u00a7 27 a Umsatzsteuergesetz:DK43977989 Verbraucher\u00adstreit\u00adbeilegung\/Universal\u00adschlichtungs\u00adstelle Wir sind nicht bereit oder verpflichtet, an Streitbeilegungsverfahren vor einer Verbraucherschlichtungsstelle teilzunehmen.","og_url":"https:\/\/www.saywauwau.com\/da\/impressum\/","og_site_name":"say wau wau","article_modified_time":"2025-12-20T15:58:30+00:00","twitter_card":"summary_large_image","twitter_misc":{"Estimeret l\u00e6setid":"1 minut"},"schema":{"@context":"https:\/\/schema.org","@graph":[{"@type":"WebPage","@id":"https:\/\/www.saywauwau.com\/impressum\/","url":"https:\/\/www.saywauwau.com\/impressum\/","name":"Impressum - say wau wau","isPartOf":{"@id":"https:\/\/www.saywauwau.com\/#website"},"datePublished":"2021-09-12T18:28:49+00:00","dateModified":"2025-12-20T15:58:30+00:00","breadcrumb":{"@id":"https:\/\/www.saywauwau.com\/impressum\/#breadcrumb"},"inLanguage":"da-DK","potentialAction":[{"@type":"ReadAction","target":["https:\/\/www.saywauwau.com\/impressum\/"]}]},{"@type":"BreadcrumbList","@id":"https:\/\/www.saywauwau.com\/impressum\/#breadcrumb","itemListElement":[{"@type":"ListItem","position":1,"name":"Home","item":"https:\/\/www.saywauwau.com\/"},{"@type":"ListItem","position":2,"name":"Impressum"}]},{"@type":"WebSite","@id":"https:\/\/www.saywauwau.com\/#website","url":"https:\/\/www.saywauwau.com\/","name":"say wau wau","description":"Hunde er vores helte og begejstrer os hver dag p\u00e5 ny! Derfor findes der ekstraordin\u00e6re produkter, der udm\u00e6rker sig ved kvalitet og b\u00e6redygtighed!","publisher":{"@id":"https:\/\/www.saywauwau.com\/#organization"},"potentialAction":[{"@type":"SearchAction","target":{"@type":"EntryPoint","urlTemplate":"https:\/\/www.saywauwau.com\/?s={search_term_string}"},"query-input":{"@type":"PropertyValueSpecification","valueRequired":true,"valueName":"search_term_string"}}],"inLanguage":"da-DK"},{"@type":"Organization","@id":"https:\/\/www.saywauwau.com\/#organization","name":"say wau wau","url":"https:\/\/www.saywauwau.com\/","logo":{"@type":"ImageObject","inLanguage":"da-DK","@id":"https:\/\/www.saywauwau.com\/#\/schema\/logo\/image\/","url":"https:\/\/www.saywauwau.com\/wp-content\/uploads\/2021\/05\/Logo_www.png","contentUrl":"https:\/\/www.saywauwau.com\/wp-content\/uploads\/2021\/05\/Logo_www.png","width":370,"height":40,"caption":"say wau wau"},"image":{"@id":"https:\/\/www.saywauwau.com\/#\/schema\/logo\/image\/"}}]}},"_links":{"self":[{"href":"https:\/\/www.saywauwau.com\/da\/wp-json\/wp\/v2\/pages\/19","targetHints":{"allow":["GET"]}}],"collection":[{"href":"https:\/\/www.saywauwau.com\/da\/wp-json\/wp\/v2\/pages"}],"about":[{"href":"https:\/\/www.saywauwau.com\/da\/wp-json\/wp\/v2\/types\/page"}],"author":[{"embeddable":true,"href":"https:\/\/www.saywauwau.com\/da\/wp-json\/wp\/v2\/users\/1"}],"replies":[{"embeddable":true,"href":"https:\/\/www.saywauwau.com\/da\/wp-json\/wp\/v2\/comments?post=19"}],"version-history":[{"count":6,"href":"https:\/\/www.saywauwau.com\/da\/wp-json\/wp\/v2\/pages\/19\/revisions"}],"predecessor-version":[{"id":198,"href":"https:\/\/www.saywauwau.com\/da\/wp-json\/wp\/v2\/pages\/19\/revisions\/198"}],"wp:attachment":[{"href":"https:\/\/www.saywauwau.com\/da\/wp-json\/wp\/v2\/media?parent=19"}],"curies":[{"name":"wp","href":"https:\/\/api.w.org\/{rel}","templated":true}]}}