{"id":15,"date":"2021-09-12T16:25:45","date_gmt":"2021-09-12T14:25:45","guid":{"rendered":"https:\/\/dev.saywauwau.de\/?page_id=15"},"modified":"2026-01-12T19:41:51","modified_gmt":"2026-01-12T18:41:51","slug":"start","status":"publish","type":"page","link":"https:\/\/www.saywauwau.com\/da\/","title":{"rendered":"Hjem"},"content":{"rendered":"<div class=\"n2_clear\"><ss3-force-full-width data-overflow-x=\"body\" data-horizontal-selector=\"body\"><div class=\"n2-section-smartslider fitvidsignore  n2_clear\" data-ssid=\"2\"><div id=\"n2-ss-2-align\" class=\"n2-ss-align\"><div class=\"n2-padding\"><div id=\"n2-ss-2\" data-creator=\"Smart Slider 3\" data-responsive=\"fullwidth\" class=\"n2-ss-slider n2-ow n2-has-hover n2notransition\"><div class=\"n2-ss-slider-wrapper-inside\">\n        <div class=\"n2-ss-slider-1 n2_ss__touch_element n2-ow\">\n            <div class=\"n2-ss-slider-2 n2-ow\">\n                                                <div class=\"n2-ss-slider-3 n2-ow\">\n\n                    <div class=\"n2-ss-slide-backgrounds n2-ow-all\"><div class=\"n2-ss-slide-background\" data-public-id=\"1\" data-mode=\"fill\"><div class=\"n2-ss-slide-background-image\" data-blur=\"0\" data-opacity=\"100\" data-x=\"50\" data-y=\"50\" data-alt=\"handgefertigete Hundebetten\" data-title=\"\"><picture class=\"skip-lazy\" data-skip-lazy=\"1\"><img decoding=\"async\" src=\"\/\/www.saywauwau.com\/wp-content\/uploads\/2021\/11\/slide3.jpg\" alt=\"handgefertigete Hundebetten\" title=\"\" loading=\"lazy\" class=\"skip-lazy\" data-skip-lazy=\"1\"><\/picture><\/div><div data-color=\"RGBA(255,255,255,0)\" style=\"background-color: RGBA(255,255,255,0);\" class=\"n2-ss-slide-background-color\"><\/div><\/div><div class=\"n2-ss-slide-background\" data-public-id=\"2\" data-mode=\"fill\" aria-hidden=\"true\"><div class=\"n2-ss-slide-background-image\" data-blur=\"0\" data-opacity=\"100\" data-x=\"50\" data-y=\"50\" data-alt=\"Futter &amp; Leckerlies\" data-title=\"\"><picture class=\"skip-lazy\" data-skip-lazy=\"1\"><img decoding=\"async\" src=\"\/\/www.saywauwau.com\/wp-content\/uploads\/2021\/11\/slide2.jpg\" alt=\"Futter &amp; Leckerlies\" title=\"\" loading=\"lazy\" class=\"skip-lazy\" data-skip-lazy=\"1\"><\/picture><\/div><div data-color=\"RGBA(255,255,255,0)\" style=\"background-color: RGBA(255,255,255,0);\" class=\"n2-ss-slide-background-color\"><\/div><\/div><div class=\"n2-ss-slide-background\" data-public-id=\"3\" data-mode=\"fill\" aria-hidden=\"true\"><div class=\"n2-ss-slide-background-image\" data-blur=\"0\" data-opacity=\"100\" data-x=\"50\" data-y=\"50\" data-alt=\"Leinen &amp; Halsb\u00e4nder\" data-title=\"\"><picture class=\"skip-lazy\" data-skip-lazy=\"1\"><img decoding=\"async\" src=\"\/\/www.saywauwau.com\/wp-content\/uploads\/2021\/11\/slide1.jpg\" alt=\"Leinen &amp; Halsb\u00e4nder\" title=\"\" loading=\"lazy\" class=\"skip-lazy\" data-skip-lazy=\"1\"><\/picture><\/div><div data-color=\"RGBA(255,255,255,0)\" style=\"background-color: RGBA(255,255,255,0);\" class=\"n2-ss-slide-background-color\"><\/div><\/div><\/div>                    <div class=\"n2-ss-slider-4 n2-ow\">\n                        <svg xmlns=\"http:\/\/www.w3.org\/2000\/svg\" viewbox=\"0 0 1200 600\" data-related-device=\"desktopPortrait\" class=\"n2-ow n2-ss-preserve-size n2-ss-preserve-size--slider n2-ss-slide-limiter\"><\/svg><div data-first=\"1\" data-slide-duration=\"0\" data-id=\"3\" data-slide-public-id=\"1\" data-title=\"handgefertigete Hundebetten\" class=\"n2-ss-slide n2-ow  n2-ss-slide-3\"><div role=\"note\" class=\"n2-ss-slide--focus\" tabindex=\"-1\">H\u00e5ndlavede hundesenge<\/div><div class=\"n2-ss-layers-container n2-ss-slide-limiter n2-ow\"><div class=\"n2-ss-layer n2-ow n-uc-q7UYjpFbRUhV\" data-sstype=\"slide\" data-pm=\"default\"><\/div><\/div><\/div><div data-slide-duration=\"0\" data-id=\"4\" data-slide-public-id=\"2\" aria-hidden=\"true\" data-title=\"Futter &amp; Leckerlies\" class=\"n2-ss-slide n2-ow  n2-ss-slide-4\"><div role=\"note\" class=\"n2-ss-slide--focus\" tabindex=\"-1\">Mad og godbidder<\/div><div class=\"n2-ss-layers-container n2-ss-slide-limiter n2-ow\"><div class=\"n2-ss-layer n2-ow n-uc-x1nQYJqXKJ2l\" data-sstype=\"slide\" data-pm=\"default\"><\/div><\/div><\/div><div data-slide-duration=\"0\" data-id=\"5\" data-slide-public-id=\"3\" aria-hidden=\"true\" data-title=\"Leinen &amp; Halsb\u00e4nder\" class=\"n2-ss-slide n2-ow  n2-ss-slide-5\"><div role=\"note\" class=\"n2-ss-slide--focus\" tabindex=\"-1\">Snore og halsb\u00e5nd<\/div><div class=\"n2-ss-layers-container n2-ss-slide-limiter n2-ow\"><div class=\"n2-ss-layer n2-ow n-uc-C3dP7HfwXdfW\" data-sstype=\"slide\" data-pm=\"default\"><\/div><\/div><\/div>                    <\/div>\n\n                                    <\/div>\n            <\/div>\n        <\/div>\n        <div class=\"n2-ss-slider-controls n2-ss-slider-controls-absolute-left-center\"><div style=\"--widget-offset:15px;\" class=\"n2-ss-widget nextend-arrow n2-ow-all nextend-arrow-previous  nextend-arrow-animated-fade\" data-hide-mobileportrait=\"1\" id=\"n2-ss-2-arrow-previous\" role=\"button\" aria-label=\"forrige pil\" tabindex=\"0\"><img loading=\"lazy\" decoding=\"async\" width=\"32\" height=\"32\" class=\"skip-lazy\" data-skip-lazy=\"1\" src=\"data:image\/svg+xml;base64,PHN2ZyB3aWR0aD0iMzIiIGhlaWdodD0iMzIiIHZpZXdCb3g9IjAgMCAzMiAzMiIgeG1sbnM9Imh0dHA6Ly93d3cudzMub3JnLzIwMDAvc3ZnIj4KICAgIDxwYXRoIGQ9Ik0xMS40MzMgMTUuOTkyTDIyLjY5IDUuNzEyYy4zOTMtLjM5LjM5My0xLjAzIDAtMS40Mi0uMzkzLS4zOS0xLjAzLS4zOS0xLjQyMyAwbC0xMS45OCAxMC45NGMtLjIxLjIxLS4zLjQ5LS4yODUuNzYtLjAxNS4yOC4wNzUuNTYuMjg0Ljc3bDExLjk4IDEwLjk0Yy4zOTMuMzkgMS4wMy4zOSAxLjQyNCAwIC4zOTMtLjQuMzkzLTEuMDMgMC0xLjQybC0xMS4yNTctMTAuMjkiCiAgICAgICAgICBmaWxsPSIjZmZmZmZmIiBvcGFjaXR5PSIwLjgiIGZpbGwtcnVsZT0iZXZlbm9kZCIvPgo8L3N2Zz4=\" alt=\"previous arrow\"><\/div><\/div><div class=\"n2-ss-slider-controls n2-ss-slider-controls-absolute-right-center\"><div style=\"--widget-offset:15px;\" class=\"n2-ss-widget nextend-arrow n2-ow-all nextend-arrow-next  nextend-arrow-animated-fade\" data-hide-mobileportrait=\"1\" id=\"n2-ss-2-arrow-next\" role=\"button\" aria-label=\"n\u00e6ste pil\" tabindex=\"0\"><img loading=\"lazy\" decoding=\"async\" width=\"32\" height=\"32\" class=\"skip-lazy\" data-skip-lazy=\"1\" src=\"data:image\/svg+xml;base64,PHN2ZyB3aWR0aD0iMzIiIGhlaWdodD0iMzIiIHZpZXdCb3g9IjAgMCAzMiAzMiIgeG1sbnM9Imh0dHA6Ly93d3cudzMub3JnLzIwMDAvc3ZnIj4KICAgIDxwYXRoIGQ9Ik0xMC43MjIgNC4yOTNjLS4zOTQtLjM5LTEuMDMyLS4zOS0xLjQyNyAwLS4zOTMuMzktLjM5MyAxLjAzIDAgMS40MmwxMS4yODMgMTAuMjgtMTEuMjgzIDEwLjI5Yy0uMzkzLjM5LS4zOTMgMS4wMiAwIDEuNDIuMzk1LjM5IDEuMDMzLjM5IDEuNDI3IDBsMTIuMDA3LTEwLjk0Yy4yMS0uMjEuMy0uNDkuMjg0LS43Ny4wMTQtLjI3LS4wNzYtLjU1LS4yODYtLjc2TDEwLjcyIDQuMjkzeiIKICAgICAgICAgIGZpbGw9IiNmZmZmZmYiIG9wYWNpdHk9IjAuOCIgZmlsbC1ydWxlPSJldmVub2RkIi8+Cjwvc3ZnPg==\" alt=\"next arrow\"><\/div><\/div><\/div><\/div><ss3-loader><\/ss3-loader><\/div><\/div><div class=\"n2_clear\"><\/div><\/div><\/ss3-force-full-width><\/div>\n\n\n<h1 class=\"wp-block-heading\">Velkommen til say wau wau<\/h1>\n\n\n\n<p>\"Hunde er vores helte\" og inspirerer os hver dag! Derfor tilbyder vi exceptionelle produkter, der str\u00e5ler med kvalitet og b\u00e6redygtighed!<\/p>\n\n\n<div id=\"trustindex-feed-container-instagram-8269d4c75b15c99\"><\/div>","protected":false},"excerpt":{"rendered":"<p>Velkommen til at sige wau wau \u201eHunde er vores helte\u201c &amp; inspirerer os hver dag p\u00e5 ny! Derfor tilbyder vi enest\u00e5ende produkter, der skinner af kvalitet og b\u00e6redygtighed!<\/p>","protected":false},"author":1,"featured_media":0,"parent":0,"menu_order":0,"comment_status":"closed","ping_status":"closed","template":"fullwidth.php","meta":{"footnotes":""},"class_list":["post-15","page","type-page","status-publish","hentry"],"yoast_head":"<!-- This site is optimized with the Yoast SEO plugin v27.3 - https:\/\/yoast.com\/product\/yoast-seo-wordpress\/ -->\n<title>Start - say wau wau<\/title>\n<meta name=\"description\" content=\"Wilkommen bei say wau wau in Eutin. Bei uns gibt es au\u00dfergew\u00f6hnliche Produkte f\u00fcr Hunde, die mit Qualit\u00e4t &amp; Nachhaltigkeit gl\u00e4nzen!\" \/>\n<meta name=\"robots\" content=\"index, follow, max-snippet:-1, max-image-preview:large, max-video-preview:-1\" \/>\n<link rel=\"canonical\" href=\"https:\/\/www.saywauwau.com\/da\/\" \/>\n<meta property=\"og:locale\" content=\"da_DK\" \/>\n<meta property=\"og:type\" content=\"article\" \/>\n<meta property=\"og:title\" content=\"Start - say wau wau\" \/>\n<meta property=\"og:description\" content=\"Wilkommen bei say wau wau in Eutin. Bei uns gibt es au\u00dfergew\u00f6hnliche Produkte f\u00fcr Hunde, die mit Qualit\u00e4t &amp; Nachhaltigkeit gl\u00e4nzen!\" \/>\n<meta property=\"og:url\" content=\"https:\/\/www.saywauwau.com\/da\/\" \/>\n<meta property=\"og:site_name\" content=\"say wau wau\" \/>\n<meta property=\"article:modified_time\" content=\"2026-01-12T18:41:51+00:00\" \/>\n<meta name=\"twitter:card\" content=\"summary_large_image\" \/>\n<meta name=\"twitter:label1\" content=\"Estimeret l\u00e6setid\" \/>\n\t<meta name=\"twitter:data1\" content=\"1 minut\" \/>\n<script type=\"application\/ld+json\" class=\"yoast-schema-graph\">{\"@context\":\"https:\\\/\\\/schema.org\",\"@graph\":[{\"@type\":\"WebPage\",\"@id\":\"https:\\\/\\\/www.saywauwau.com\\\/\",\"url\":\"https:\\\/\\\/www.saywauwau.com\\\/\",\"name\":\"Start - say wau wau\",\"isPartOf\":{\"@id\":\"https:\\\/\\\/www.saywauwau.com\\\/#website\"},\"datePublished\":\"2021-09-12T14:25:45+00:00\",\"dateModified\":\"2026-01-12T18:41:51+00:00\",\"description\":\"Wilkommen bei say wau wau in Eutin. Bei uns gibt es au\u00dfergew\u00f6hnliche Produkte f\u00fcr Hunde, die mit Qualit\u00e4t & Nachhaltigkeit gl\u00e4nzen!\",\"breadcrumb\":{\"@id\":\"https:\\\/\\\/www.saywauwau.com\\\/#breadcrumb\"},\"inLanguage\":\"da-DK\",\"potentialAction\":[{\"@type\":\"ReadAction\",\"target\":[\"https:\\\/\\\/www.saywauwau.com\\\/\"]}]},{\"@type\":\"BreadcrumbList\",\"@id\":\"https:\\\/\\\/www.saywauwau.com\\\/#breadcrumb\",\"itemListElement\":[{\"@type\":\"ListItem\",\"position\":1,\"name\":\"Home\",\"item\":\"https:\\\/\\\/www.saywauwau.com\\\/\"},{\"@type\":\"ListItem\",\"position\":2,\"name\":\"Start\"}]},{\"@type\":\"WebSite\",\"@id\":\"https:\\\/\\\/www.saywauwau.com\\\/#website\",\"url\":\"https:\\\/\\\/www.saywauwau.com\\\/\",\"name\":\"say wau wau\",\"description\":\"\u201eHunde sind unsere Helden\u201c &amp; begeistern uns jeden Tag aufs Neue! Deshalb gibts au\u00dfergew\u00f6hnliche Produkte, die mit Qualit\u00e4t &amp; Nachhaltigkeit gl\u00e4nzen!\",\"publisher\":{\"@id\":\"https:\\\/\\\/www.saywauwau.com\\\/#organization\"},\"potentialAction\":[{\"@type\":\"SearchAction\",\"target\":{\"@type\":\"EntryPoint\",\"urlTemplate\":\"https:\\\/\\\/www.saywauwau.com\\\/?s={search_term_string}\"},\"query-input\":{\"@type\":\"PropertyValueSpecification\",\"valueRequired\":true,\"valueName\":\"search_term_string\"}}],\"inLanguage\":\"da-DK\"},{\"@type\":\"Organization\",\"@id\":\"https:\\\/\\\/www.saywauwau.com\\\/#organization\",\"name\":\"say wau wau\",\"url\":\"https:\\\/\\\/www.saywauwau.com\\\/\",\"logo\":{\"@type\":\"ImageObject\",\"inLanguage\":\"da-DK\",\"@id\":\"https:\\\/\\\/www.saywauwau.com\\\/#\\\/schema\\\/logo\\\/image\\\/\",\"url\":\"https:\\\/\\\/www.saywauwau.com\\\/wp-content\\\/uploads\\\/2021\\\/05\\\/Logo_www.png\",\"contentUrl\":\"https:\\\/\\\/www.saywauwau.com\\\/wp-content\\\/uploads\\\/2021\\\/05\\\/Logo_www.png\",\"width\":370,\"height\":40,\"caption\":\"say wau wau\"},\"image\":{\"@id\":\"https:\\\/\\\/www.saywauwau.com\\\/#\\\/schema\\\/logo\\\/image\\\/\"}}]}<\/script>\n<!-- \/ Yoast SEO plugin. -->","yoast_head_json":{"title":"Start - sig wau wau","description":"Velkommen til say wau wau i Eutin. Vi tilbyder ekstraordin\u00e6re produkter til hunde, der str\u00e5ler af kvalitet og b\u00e6redygtighed!","robots":{"index":"index","follow":"follow","max-snippet":"max-snippet:-1","max-image-preview":"max-image-preview:large","max-video-preview":"max-video-preview:-1"},"canonical":"https:\/\/www.saywauwau.com\/da\/","og_locale":"da_DK","og_type":"article","og_title":"Start - say wau wau","og_description":"Wilkommen bei say wau wau in Eutin. Bei uns gibt es au\u00dfergew\u00f6hnliche Produkte f\u00fcr Hunde, die mit Qualit\u00e4t & Nachhaltigkeit gl\u00e4nzen!","og_url":"https:\/\/www.saywauwau.com\/da\/","og_site_name":"say wau wau","article_modified_time":"2026-01-12T18:41:51+00:00","twitter_card":"summary_large_image","twitter_misc":{"Estimeret l\u00e6setid":"1 minut"},"schema":{"@context":"https:\/\/schema.org","@graph":[{"@type":"WebPage","@id":"https:\/\/www.saywauwau.com\/","url":"https:\/\/www.saywauwau.com\/","name":"Start - sig wau wau","isPartOf":{"@id":"https:\/\/www.saywauwau.com\/#website"},"datePublished":"2021-09-12T14:25:45+00:00","dateModified":"2026-01-12T18:41:51+00:00","description":"Velkommen til say wau wau i Eutin. Vi tilbyder ekstraordin\u00e6re produkter til hunde, der str\u00e5ler af kvalitet og b\u00e6redygtighed!","breadcrumb":{"@id":"https:\/\/www.saywauwau.com\/#breadcrumb"},"inLanguage":"da-DK","potentialAction":[{"@type":"ReadAction","target":["https:\/\/www.saywauwau.com\/"]}]},{"@type":"BreadcrumbList","@id":"https:\/\/www.saywauwau.com\/#breadcrumb","itemListElement":[{"@type":"ListItem","position":1,"name":"Home","item":"https:\/\/www.saywauwau.com\/"},{"@type":"ListItem","position":2,"name":"Start"}]},{"@type":"WebSite","@id":"https:\/\/www.saywauwau.com\/#website","url":"https:\/\/www.saywauwau.com\/","name":"say wau wau","description":"Hunde er vores helte og begejstrer os hver dag p\u00e5 ny! Derfor findes der ekstraordin\u00e6re produkter, der udm\u00e6rker sig ved kvalitet og b\u00e6redygtighed!","publisher":{"@id":"https:\/\/www.saywauwau.com\/#organization"},"potentialAction":[{"@type":"SearchAction","target":{"@type":"EntryPoint","urlTemplate":"https:\/\/www.saywauwau.com\/?s={search_term_string}"},"query-input":{"@type":"PropertyValueSpecification","valueRequired":true,"valueName":"search_term_string"}}],"inLanguage":"da-DK"},{"@type":"Organization","@id":"https:\/\/www.saywauwau.com\/#organization","name":"say wau wau","url":"https:\/\/www.saywauwau.com\/","logo":{"@type":"ImageObject","inLanguage":"da-DK","@id":"https:\/\/www.saywauwau.com\/#\/schema\/logo\/image\/","url":"https:\/\/www.saywauwau.com\/wp-content\/uploads\/2021\/05\/Logo_www.png","contentUrl":"https:\/\/www.saywauwau.com\/wp-content\/uploads\/2021\/05\/Logo_www.png","width":370,"height":40,"caption":"say wau wau"},"image":{"@id":"https:\/\/www.saywauwau.com\/#\/schema\/logo\/image\/"}}]}},"_links":{"self":[{"href":"https:\/\/www.saywauwau.com\/da\/wp-json\/wp\/v2\/pages\/15","targetHints":{"allow":["GET"]}}],"collection":[{"href":"https:\/\/www.saywauwau.com\/da\/wp-json\/wp\/v2\/pages"}],"about":[{"href":"https:\/\/www.saywauwau.com\/da\/wp-json\/wp\/v2\/types\/page"}],"author":[{"embeddable":true,"href":"https:\/\/www.saywauwau.com\/da\/wp-json\/wp\/v2\/users\/1"}],"replies":[{"embeddable":true,"href":"https:\/\/www.saywauwau.com\/da\/wp-json\/wp\/v2\/comments?post=15"}],"version-history":[{"count":35,"href":"https:\/\/www.saywauwau.com\/da\/wp-json\/wp\/v2\/pages\/15\/revisions"}],"predecessor-version":[{"id":231,"href":"https:\/\/www.saywauwau.com\/da\/wp-json\/wp\/v2\/pages\/15\/revisions\/231"}],"wp:attachment":[{"href":"https:\/\/www.saywauwau.com\/da\/wp-json\/wp\/v2\/media?parent=15"}],"curies":[{"name":"wp","href":"https:\/\/api.w.org\/{rel}","templated":true}]}}